{"id":3926,"date":"2024-05-17T06:34:40","date_gmt":"2024-05-17T06:34:40","guid":{"rendered":"https:\/\/hotelsistems.ba\/?post_type=product&#038;p=3926"},"modified":"2024-05-17T06:36:17","modified_gmt":"2024-05-17T06:36:17","slug":"cetverokrevetna-soba","status":"publish","type":"product","link":"https:\/\/hotelsistems.ba\/en\/sobe-i-apartmani\/cetverokrevetna-soba\/","title":{"rendered":"Four-Bedroom Room"},"content":{"rendered":"<p>We understand the importance of comfort and quality of stay for our guests, so we have dedicated special attention to our accommodation units. Our offer includes modernly equipped single and double rooms as well as apartments that will satisfy even the most demanding needs.<\/p>\n<p>Each room is carefully designed to provide guests with a sense of true comfort and elegance, with a touch of luxury expected from a high-class hotel. Our goal is to create a space where guests feel at home while enjoying all the conveniences and privileges that come with staying in our hotel.<\/p>","protected":false},"excerpt":{"rendered":"<p>We understand the importance of comfort and quality of stay for our guests, so we have dedicated special attention to our accommodation units. Our offer includes modernly equipped single and double rooms as well as apartments that will satisfy even the most demanding needs.<\/p>\n<p>Each room is carefully designed to provide guests with a sense of true comfort and elegance, with a touch of luxury expected from a high-class hotel. Our goal is to create a space where guests feel at home while enjoying all the conveniences and privileges that come with staying in our hotel.<\/p>","protected":false},"featured_media":3878,"template":"","meta":{"inline_featured_image":false},"product_brand":[],"product_cat":[28],"product_tag":[],"class_list":{"0":"post-3926","1":"product","2":"type-product","3":"status-publish","4":"has-post-thumbnail","6":"product_cat-sobe","8":"first","9":"instock","10":"featured","11":"shipping-taxable","12":"purchasable","13":"product-type-ovabrw_car_rental"},"yoast_head":"<!-- This site is optimized with the Yoast SEO plugin v25.9 - https:\/\/yoast.com\/wordpress\/plugins\/seo\/ -->\n<title>\u010cetverokrevetna soba - Hotel Sistems Banja Luka<\/title>\n<meta name=\"robots\" content=\"index, follow, max-snippet:-1, max-image-preview:large, max-video-preview:-1\" \/>\n<link rel=\"canonical\" href=\"https:\/\/hotelsistems.ba\/en\/sobe-i-apartmani\/cetverokrevetna-soba\/\" \/>\n<meta property=\"og:locale\" content=\"en_US\" \/>\n<meta property=\"og:type\" content=\"article\" \/>\n<meta property=\"og:title\" content=\"\u010cetverokrevetna soba - Hotel Sistems Banja Luka\" \/>\n<meta property=\"og:description\" content=\"Razumijemo va\u017enost udobnosti i kvalitete boravka za na\u0161e goste, stoga smo posvetili posebnu pa\u017enju na\u0161im smje\u0161tajnim jedinicama. Na\u0161a ponuda uklju\u010duje moderno opremljene jednokrevetne I dvokrevetne soba kao I apartmane koji \u0107e zadovoljiti \u010dak i najzahtjevnije potrebe.  Svaka soba je pa\u017eljivo osmi\u0161ljena kako bi gostima pru\u017eila osje\u0107aj istinske udobnosti i elegancije, uz dodir luksuza koji se o\u010dekuje od hotela visoke klase. Na\u0161 cilj je stvoriti prostor u kojem se gosti osje\u0107aju kao kod ku\u0107e, dok istovremeno u\u017eivaju u svim pogodnostima i privilegijama koje pru\u017ea boravak u na\u0161em hotelu.\" \/>\n<meta property=\"og:url\" content=\"https:\/\/hotelsistems.ba\/en\/sobe-i-apartmani\/cetverokrevetna-soba\/\" \/>\n<meta property=\"og:site_name\" content=\"Hotel Sistems Banja Luka\" \/>\n<meta property=\"article:publisher\" content=\"https:\/\/www.facebook.com\/profile.php?id=61558037017800\" \/>\n<meta property=\"article:modified_time\" content=\"2024-05-17T06:36:17+00:00\" \/>\n<meta property=\"og:image\" content=\"https:\/\/hotelsistems.ba\/wp-content\/uploads\/2024\/04\/sobe_3.jpg\" \/>\n\t<meta property=\"og:image:width\" content=\"1024\" \/>\n\t<meta property=\"og:image:height\" content=\"680\" \/>\n\t<meta property=\"og:image:type\" content=\"image\/jpeg\" \/>\n<meta name=\"twitter:card\" content=\"summary_large_image\" \/>\n<meta name=\"twitter:label1\" content=\"Est. reading time\" \/>\n\t<meta name=\"twitter:data1\" content=\"1 minute\" \/>\n<script type=\"application\/ld+json\" class=\"yoast-schema-graph\">{\"@context\":\"https:\/\/schema.org\",\"@graph\":[{\"@type\":\"WebPage\",\"@id\":\"https:\/\/hotelsistems.ba\/sobe-i-apartmani\/cetverokrevetna-soba\/\",\"url\":\"https:\/\/hotelsistems.ba\/sobe-i-apartmani\/cetverokrevetna-soba\/\",\"name\":\"\u010cetverokrevetna soba - Hotel Sistems Banja Luka\",\"isPartOf\":{\"@id\":\"https:\/\/hotelsistems.ba\/#website\"},\"primaryImageOfPage\":{\"@id\":\"https:\/\/hotelsistems.ba\/sobe-i-apartmani\/cetverokrevetna-soba\/#primaryimage\"},\"image\":{\"@id\":\"https:\/\/hotelsistems.ba\/sobe-i-apartmani\/cetverokrevetna-soba\/#primaryimage\"},\"thumbnailUrl\":\"https:\/\/i0.wp.com\/hotelsistems.ba\/wp-content\/uploads\/2024\/04\/sobe_3.jpg?fit=1024%2C680&ssl=1\",\"datePublished\":\"2024-05-17T06:34:40+00:00\",\"dateModified\":\"2024-05-17T06:36:17+00:00\",\"breadcrumb\":{\"@id\":\"https:\/\/hotelsistems.ba\/sobe-i-apartmani\/cetverokrevetna-soba\/#breadcrumb\"},\"inLanguage\":\"en-US\",\"potentialAction\":[{\"@type\":\"ReadAction\",\"target\":[\"https:\/\/hotelsistems.ba\/sobe-i-apartmani\/cetverokrevetna-soba\/\"]}]},{\"@type\":\"ImageObject\",\"inLanguage\":\"en-US\",\"@id\":\"https:\/\/hotelsistems.ba\/sobe-i-apartmani\/cetverokrevetna-soba\/#primaryimage\",\"url\":\"https:\/\/i0.wp.com\/hotelsistems.ba\/wp-content\/uploads\/2024\/04\/sobe_3.jpg?fit=1024%2C680&ssl=1\",\"contentUrl\":\"https:\/\/i0.wp.com\/hotelsistems.ba\/wp-content\/uploads\/2024\/04\/sobe_3.jpg?fit=1024%2C680&ssl=1\",\"width\":1024,\"height\":680},{\"@type\":\"BreadcrumbList\",\"@id\":\"https:\/\/hotelsistems.ba\/sobe-i-apartmani\/cetverokrevetna-soba\/#breadcrumb\",\"itemListElement\":[{\"@type\":\"ListItem\",\"position\":1,\"name\":\"Home\",\"item\":\"https:\/\/hotelsistems.ba\/\"},{\"@type\":\"ListItem\",\"position\":2,\"name\":\"Shop\",\"item\":\"https:\/\/hotelsistems.ba\/shop\/\"},{\"@type\":\"ListItem\",\"position\":3,\"name\":\"\u010cetverokrevetna soba\"}]},{\"@type\":\"WebSite\",\"@id\":\"https:\/\/hotelsistems.ba\/#website\",\"url\":\"https:\/\/hotelsistems.ba\/\",\"name\":\"Hotel Sistems Banja Luka\",\"description\":\"\",\"publisher\":{\"@id\":\"https:\/\/hotelsistems.ba\/#organization\"},\"potentialAction\":[{\"@type\":\"SearchAction\",\"target\":{\"@type\":\"EntryPoint\",\"urlTemplate\":\"https:\/\/hotelsistems.ba\/?s={search_term_string}\"},\"query-input\":{\"@type\":\"PropertyValueSpecification\",\"valueRequired\":true,\"valueName\":\"search_term_string\"}}],\"inLanguage\":\"en-US\"},{\"@type\":\"Organization\",\"@id\":\"https:\/\/hotelsistems.ba\/#organization\",\"name\":\"Hotel Sistems Banja Luka\",\"url\":\"https:\/\/hotelsistems.ba\/\",\"logo\":{\"@type\":\"ImageObject\",\"inLanguage\":\"en-US\",\"@id\":\"https:\/\/hotelsistems.ba\/#\/schema\/logo\/image\/\",\"url\":\"https:\/\/hotelsistems.ba\/wp-content\/uploads\/2024\/04\/logo_color.png\",\"contentUrl\":\"https:\/\/hotelsistems.ba\/wp-content\/uploads\/2024\/04\/logo_color.png\",\"width\":502,\"height\":202,\"caption\":\"Hotel Sistems Banja Luka\"},\"image\":{\"@id\":\"https:\/\/hotelsistems.ba\/#\/schema\/logo\/image\/\"},\"sameAs\":[\"https:\/\/www.facebook.com\/profile.php?id=61558037017800\",\"https:\/\/www.instagram.com\/hotelsistems\/?igsh=MWlrZnRzaDhvNDJldA\"]}]}<\/script>\n<!-- \/ Yoast SEO plugin. -->","yoast_head_json":{"title":"\u010cetverokrevetna soba - Hotel Sistems Banja Luka","robots":{"index":"index","follow":"follow","max-snippet":"max-snippet:-1","max-image-preview":"max-image-preview:large","max-video-preview":"max-video-preview:-1"},"canonical":"https:\/\/hotelsistems.ba\/en\/sobe-i-apartmani\/cetverokrevetna-soba\/","og_locale":"en_US","og_type":"article","og_title":"\u010cetverokrevetna soba - Hotel Sistems Banja Luka","og_description":"Razumijemo va\u017enost udobnosti i kvalitete boravka za na\u0161e goste, stoga smo posvetili posebnu pa\u017enju na\u0161im smje\u0161tajnim jedinicama. Na\u0161a ponuda uklju\u010duje moderno opremljene jednokrevetne I dvokrevetne soba kao I apartmane koji \u0107e zadovoljiti \u010dak i najzahtjevnije potrebe.  Svaka soba je pa\u017eljivo osmi\u0161ljena kako bi gostima pru\u017eila osje\u0107aj istinske udobnosti i elegancije, uz dodir luksuza koji se o\u010dekuje od hotela visoke klase. Na\u0161 cilj je stvoriti prostor u kojem se gosti osje\u0107aju kao kod ku\u0107e, dok istovremeno u\u017eivaju u svim pogodnostima i privilegijama koje pru\u017ea boravak u na\u0161em hotelu.","og_url":"https:\/\/hotelsistems.ba\/en\/sobe-i-apartmani\/cetverokrevetna-soba\/","og_site_name":"Hotel Sistems Banja Luka","article_publisher":"https:\/\/www.facebook.com\/profile.php?id=61558037017800","article_modified_time":"2024-05-17T06:36:17+00:00","og_image":[{"width":1024,"height":680,"url":"https:\/\/hotelsistems.ba\/wp-content\/uploads\/2024\/04\/sobe_3.jpg","type":"image\/jpeg"}],"twitter_card":"summary_large_image","twitter_misc":{"Est. reading time":"1 minute"},"schema":{"@context":"https:\/\/schema.org","@graph":[{"@type":"WebPage","@id":"https:\/\/hotelsistems.ba\/sobe-i-apartmani\/cetverokrevetna-soba\/","url":"https:\/\/hotelsistems.ba\/sobe-i-apartmani\/cetverokrevetna-soba\/","name":"\u010cetverokrevetna soba - Hotel Sistems Banja Luka","isPartOf":{"@id":"https:\/\/hotelsistems.ba\/#website"},"primaryImageOfPage":{"@id":"https:\/\/hotelsistems.ba\/sobe-i-apartmani\/cetverokrevetna-soba\/#primaryimage"},"image":{"@id":"https:\/\/hotelsistems.ba\/sobe-i-apartmani\/cetverokrevetna-soba\/#primaryimage"},"thumbnailUrl":"https:\/\/i0.wp.com\/hotelsistems.ba\/wp-content\/uploads\/2024\/04\/sobe_3.jpg?fit=1024%2C680&ssl=1","datePublished":"2024-05-17T06:34:40+00:00","dateModified":"2024-05-17T06:36:17+00:00","breadcrumb":{"@id":"https:\/\/hotelsistems.ba\/sobe-i-apartmani\/cetverokrevetna-soba\/#breadcrumb"},"inLanguage":"en-US","potentialAction":[{"@type":"ReadAction","target":["https:\/\/hotelsistems.ba\/sobe-i-apartmani\/cetverokrevetna-soba\/"]}]},{"@type":"ImageObject","inLanguage":"en-US","@id":"https:\/\/hotelsistems.ba\/sobe-i-apartmani\/cetverokrevetna-soba\/#primaryimage","url":"https:\/\/i0.wp.com\/hotelsistems.ba\/wp-content\/uploads\/2024\/04\/sobe_3.jpg?fit=1024%2C680&ssl=1","contentUrl":"https:\/\/i0.wp.com\/hotelsistems.ba\/wp-content\/uploads\/2024\/04\/sobe_3.jpg?fit=1024%2C680&ssl=1","width":1024,"height":680},{"@type":"BreadcrumbList","@id":"https:\/\/hotelsistems.ba\/sobe-i-apartmani\/cetverokrevetna-soba\/#breadcrumb","itemListElement":[{"@type":"ListItem","position":1,"name":"Home","item":"https:\/\/hotelsistems.ba\/"},{"@type":"ListItem","position":2,"name":"Shop","item":"https:\/\/hotelsistems.ba\/shop\/"},{"@type":"ListItem","position":3,"name":"\u010cetverokrevetna soba"}]},{"@type":"WebSite","@id":"https:\/\/hotelsistems.ba\/#website","url":"https:\/\/hotelsistems.ba\/","name":"Hotel Sistems Banja Luka","description":"","publisher":{"@id":"https:\/\/hotelsistems.ba\/#organization"},"potentialAction":[{"@type":"SearchAction","target":{"@type":"EntryPoint","urlTemplate":"https:\/\/hotelsistems.ba\/?s={search_term_string}"},"query-input":{"@type":"PropertyValueSpecification","valueRequired":true,"valueName":"search_term_string"}}],"inLanguage":"en-US"},{"@type":"Organization","@id":"https:\/\/hotelsistems.ba\/#organization","name":"Hotel Sistems Banja Luka","url":"https:\/\/hotelsistems.ba\/","logo":{"@type":"ImageObject","inLanguage":"en-US","@id":"https:\/\/hotelsistems.ba\/#\/schema\/logo\/image\/","url":"https:\/\/hotelsistems.ba\/wp-content\/uploads\/2024\/04\/logo_color.png","contentUrl":"https:\/\/hotelsistems.ba\/wp-content\/uploads\/2024\/04\/logo_color.png","width":502,"height":202,"caption":"Hotel Sistems Banja Luka"},"image":{"@id":"https:\/\/hotelsistems.ba\/#\/schema\/logo\/image\/"},"sameAs":["https:\/\/www.facebook.com\/profile.php?id=61558037017800","https:\/\/www.instagram.com\/hotelsistems\/?igsh=MWlrZnRzaDhvNDJldA"]}]}},"jetpack_sharing_enabled":true,"_links":{"self":[{"href":"https:\/\/hotelsistems.ba\/en\/wp-json\/wp\/v2\/product\/3926","targetHints":{"allow":["GET"]}}],"collection":[{"href":"https:\/\/hotelsistems.ba\/en\/wp-json\/wp\/v2\/product"}],"about":[{"href":"https:\/\/hotelsistems.ba\/en\/wp-json\/wp\/v2\/types\/product"}],"wp:featuredmedia":[{"embeddable":true,"href":"https:\/\/hotelsistems.ba\/en\/wp-json\/wp\/v2\/media\/3878"}],"wp:attachment":[{"href":"https:\/\/hotelsistems.ba\/en\/wp-json\/wp\/v2\/media?parent=3926"}],"wp:term":[{"taxonomy":"product_brand","embeddable":true,"href":"https:\/\/hotelsistems.ba\/en\/wp-json\/wp\/v2\/product_brand?post=3926"},{"taxonomy":"product_cat","embeddable":true,"href":"https:\/\/hotelsistems.ba\/en\/wp-json\/wp\/v2\/product_cat?post=3926"},{"taxonomy":"product_tag","embeddable":true,"href":"https:\/\/hotelsistems.ba\/en\/wp-json\/wp\/v2\/product_tag?post=3926"}],"curies":[{"name":"wp","href":"https:\/\/api.w.org\/{rel}","templated":true}]}}