{"id":2711,"date":"2024-04-12T02:28:52","date_gmt":"2024-04-12T02:28:52","guid":{"rendered":"https:\/\/hotelsistems.ba\/?post_type=product&#038;p=2711"},"modified":"2024-09-13T06:54:38","modified_gmt":"2024-09-13T06:54:38","slug":"delux-apartman","status":"publish","type":"product","link":"https:\/\/hotelsistems.ba\/en\/sobe-i-apartmani\/delux-apartman\/","title":{"rendered":"Delux Apartman"},"content":{"rendered":"<p>Our Deluxe Room offers a stunning view of the white sand beach. This room is designed and decorated with modern style and equipped with the most luxurious facilites. Little luxuries include free Wi-Fi, deluxe bath amenities and a 4K technology flat-screen television with cable channels.<\/p>","protected":false},"excerpt":{"rendered":"<p>We understand the importance of comfort and quality of stay for our guests, so we have dedicated special attention to our accommodation units. Our offer includes modernly equipped single and double rooms as well as apartments that will satisfy even the most demanding needs.<\/p>\n<p>Each room is carefully designed to provide guests with a sense of true comfort and elegance, with a touch of luxury expected from a high-class hotel. Our goal is to create a space where guests feel at home while enjoying all the conveniences and privileges that come with staying in our hotel.<\/p>","protected":false},"featured_media":3480,"template":"","meta":{"inline_featured_image":false},"product_brand":[],"product_cat":[35],"product_tag":[],"class_list":{"0":"post-2711","1":"product","2":"type-product","3":"status-publish","4":"has-post-thumbnail","6":"product_cat-apartmani","8":"first","9":"instock","10":"featured","11":"shipping-taxable","12":"purchasable","13":"product-type-ovabrw_car_rental"},"yoast_head":"<!-- This site is optimized with the Yoast SEO plugin v25.9 - https:\/\/yoast.com\/wordpress\/plugins\/seo\/ -->\n<title>Delux Apartman - Hotel Sistems Banja Luka<\/title>\n<meta name=\"robots\" content=\"index, follow, max-snippet:-1, max-image-preview:large, max-video-preview:-1\" \/>\n<link rel=\"canonical\" href=\"https:\/\/hotelsistems.ba\/en\/sobe-i-apartmani\/delux-apartman\/\" \/>\n<meta property=\"og:locale\" content=\"en_US\" \/>\n<meta property=\"og:type\" content=\"article\" \/>\n<meta property=\"og:title\" content=\"Delux Apartman - Hotel Sistems Banja Luka\" \/>\n<meta property=\"og:description\" content=\"Razumijemo va\u017enost udobnosti i kvalitete boravka za na\u0161e goste, stoga smo posvetili posebnu pa\u017enju na\u0161im smje\u0161tajnim jedinicama. Na\u0161a ponuda uklju\u010duje moderno opremljene jednokrevetne I dvokrevetne soba kao I apartmane koji \u0107e zadovoljiti \u010dak i najzahtjevnije potrebe.  Svaka soba je pa\u017eljivo osmi\u0161ljena kako bi gostima pru\u017eila osje\u0107aj istinske udobnosti i elegancije, uz dodir luksuza koji se o\u010dekuje od hotela visoke klase. Na\u0161 cilj je stvoriti prostor u kojem se gosti osje\u0107aju kao kod ku\u0107e, dok istovremeno u\u017eivaju u svim pogodnostima i privilegijama koje pru\u017ea boravak u na\u0161em hotelu.\" \/>\n<meta property=\"og:url\" content=\"https:\/\/hotelsistems.ba\/en\/sobe-i-apartmani\/delux-apartman\/\" \/>\n<meta property=\"og:site_name\" content=\"Hotel Sistems Banja Luka\" \/>\n<meta property=\"article:publisher\" content=\"https:\/\/www.facebook.com\/profile.php?id=61558037017800\" \/>\n<meta property=\"article:modified_time\" content=\"2024-09-13T06:54:38+00:00\" \/>\n<meta property=\"og:image\" content=\"https:\/\/hotelsistems.ba\/wp-content\/uploads\/2022\/08\/20240402-DSC_3796-Hotel-Sistems-Sistems-edit-1-prirodno.jpg\" \/>\n\t<meta property=\"og:image:width\" content=\"1920\" \/>\n\t<meta property=\"og:image:height\" content=\"1280\" \/>\n\t<meta property=\"og:image:type\" content=\"image\/jpeg\" \/>\n<meta name=\"twitter:card\" content=\"summary_large_image\" \/>\n<script type=\"application\/ld+json\" class=\"yoast-schema-graph\">{\"@context\":\"https:\/\/schema.org\",\"@graph\":[{\"@type\":\"WebPage\",\"@id\":\"https:\/\/hotelsistems.ba\/sobe-i-apartmani\/delux-apartman\/\",\"url\":\"https:\/\/hotelsistems.ba\/sobe-i-apartmani\/delux-apartman\/\",\"name\":\"Delux Apartman - Hotel Sistems Banja Luka\",\"isPartOf\":{\"@id\":\"https:\/\/hotelsistems.ba\/#website\"},\"primaryImageOfPage\":{\"@id\":\"https:\/\/hotelsistems.ba\/sobe-i-apartmani\/delux-apartman\/#primaryimage\"},\"image\":{\"@id\":\"https:\/\/hotelsistems.ba\/sobe-i-apartmani\/delux-apartman\/#primaryimage\"},\"thumbnailUrl\":\"https:\/\/i0.wp.com\/hotelsistems.ba\/wp-content\/uploads\/2022\/08\/20240402-DSC_3796-Hotel-Sistems-Sistems-edit-1-prirodno.jpg?fit=1920%2C1280&ssl=1\",\"datePublished\":\"2024-04-12T02:28:52+00:00\",\"dateModified\":\"2024-09-13T06:54:38+00:00\",\"breadcrumb\":{\"@id\":\"https:\/\/hotelsistems.ba\/sobe-i-apartmani\/delux-apartman\/#breadcrumb\"},\"inLanguage\":\"en-US\",\"potentialAction\":[{\"@type\":\"ReadAction\",\"target\":[\"https:\/\/hotelsistems.ba\/sobe-i-apartmani\/delux-apartman\/\"]}]},{\"@type\":\"ImageObject\",\"inLanguage\":\"en-US\",\"@id\":\"https:\/\/hotelsistems.ba\/sobe-i-apartmani\/delux-apartman\/#primaryimage\",\"url\":\"https:\/\/i0.wp.com\/hotelsistems.ba\/wp-content\/uploads\/2022\/08\/20240402-DSC_3796-Hotel-Sistems-Sistems-edit-1-prirodno.jpg?fit=1920%2C1280&ssl=1\",\"contentUrl\":\"https:\/\/i0.wp.com\/hotelsistems.ba\/wp-content\/uploads\/2022\/08\/20240402-DSC_3796-Hotel-Sistems-Sistems-edit-1-prirodno.jpg?fit=1920%2C1280&ssl=1\",\"width\":1920,\"height\":1280},{\"@type\":\"BreadcrumbList\",\"@id\":\"https:\/\/hotelsistems.ba\/sobe-i-apartmani\/delux-apartman\/#breadcrumb\",\"itemListElement\":[{\"@type\":\"ListItem\",\"position\":1,\"name\":\"Home\",\"item\":\"https:\/\/hotelsistems.ba\/\"},{\"@type\":\"ListItem\",\"position\":2,\"name\":\"Shop\",\"item\":\"https:\/\/hotelsistems.ba\/shop\/\"},{\"@type\":\"ListItem\",\"position\":3,\"name\":\"Delux Apartman\"}]},{\"@type\":\"WebSite\",\"@id\":\"https:\/\/hotelsistems.ba\/#website\",\"url\":\"https:\/\/hotelsistems.ba\/\",\"name\":\"Hotel Sistems Banja Luka\",\"description\":\"\",\"publisher\":{\"@id\":\"https:\/\/hotelsistems.ba\/#organization\"},\"potentialAction\":[{\"@type\":\"SearchAction\",\"target\":{\"@type\":\"EntryPoint\",\"urlTemplate\":\"https:\/\/hotelsistems.ba\/?s={search_term_string}\"},\"query-input\":{\"@type\":\"PropertyValueSpecification\",\"valueRequired\":true,\"valueName\":\"search_term_string\"}}],\"inLanguage\":\"en-US\"},{\"@type\":\"Organization\",\"@id\":\"https:\/\/hotelsistems.ba\/#organization\",\"name\":\"Hotel Sistems Banja Luka\",\"url\":\"https:\/\/hotelsistems.ba\/\",\"logo\":{\"@type\":\"ImageObject\",\"inLanguage\":\"en-US\",\"@id\":\"https:\/\/hotelsistems.ba\/#\/schema\/logo\/image\/\",\"url\":\"https:\/\/hotelsistems.ba\/wp-content\/uploads\/2024\/04\/logo_color.png\",\"contentUrl\":\"https:\/\/hotelsistems.ba\/wp-content\/uploads\/2024\/04\/logo_color.png\",\"width\":502,\"height\":202,\"caption\":\"Hotel Sistems Banja Luka\"},\"image\":{\"@id\":\"https:\/\/hotelsistems.ba\/#\/schema\/logo\/image\/\"},\"sameAs\":[\"https:\/\/www.facebook.com\/profile.php?id=61558037017800\",\"https:\/\/www.instagram.com\/hotelsistems\/?igsh=MWlrZnRzaDhvNDJldA\"]}]}<\/script>\n<!-- \/ Yoast SEO plugin. -->","yoast_head_json":{"title":"Delux Apartman - Hotel Sistems Banja Luka","robots":{"index":"index","follow":"follow","max-snippet":"max-snippet:-1","max-image-preview":"max-image-preview:large","max-video-preview":"max-video-preview:-1"},"canonical":"https:\/\/hotelsistems.ba\/en\/sobe-i-apartmani\/delux-apartman\/","og_locale":"en_US","og_type":"article","og_title":"Delux Apartman - Hotel Sistems Banja Luka","og_description":"Razumijemo va\u017enost udobnosti i kvalitete boravka za na\u0161e goste, stoga smo posvetili posebnu pa\u017enju na\u0161im smje\u0161tajnim jedinicama. Na\u0161a ponuda uklju\u010duje moderno opremljene jednokrevetne I dvokrevetne soba kao I apartmane koji \u0107e zadovoljiti \u010dak i najzahtjevnije potrebe.  Svaka soba je pa\u017eljivo osmi\u0161ljena kako bi gostima pru\u017eila osje\u0107aj istinske udobnosti i elegancije, uz dodir luksuza koji se o\u010dekuje od hotela visoke klase. Na\u0161 cilj je stvoriti prostor u kojem se gosti osje\u0107aju kao kod ku\u0107e, dok istovremeno u\u017eivaju u svim pogodnostima i privilegijama koje pru\u017ea boravak u na\u0161em hotelu.","og_url":"https:\/\/hotelsistems.ba\/en\/sobe-i-apartmani\/delux-apartman\/","og_site_name":"Hotel Sistems Banja Luka","article_publisher":"https:\/\/www.facebook.com\/profile.php?id=61558037017800","article_modified_time":"2024-09-13T06:54:38+00:00","og_image":[{"width":1920,"height":1280,"url":"https:\/\/hotelsistems.ba\/wp-content\/uploads\/2022\/08\/20240402-DSC_3796-Hotel-Sistems-Sistems-edit-1-prirodno.jpg","type":"image\/jpeg"}],"twitter_card":"summary_large_image","schema":{"@context":"https:\/\/schema.org","@graph":[{"@type":"WebPage","@id":"https:\/\/hotelsistems.ba\/sobe-i-apartmani\/delux-apartman\/","url":"https:\/\/hotelsistems.ba\/sobe-i-apartmani\/delux-apartman\/","name":"Delux Apartman - Hotel Sistems Banja Luka","isPartOf":{"@id":"https:\/\/hotelsistems.ba\/#website"},"primaryImageOfPage":{"@id":"https:\/\/hotelsistems.ba\/sobe-i-apartmani\/delux-apartman\/#primaryimage"},"image":{"@id":"https:\/\/hotelsistems.ba\/sobe-i-apartmani\/delux-apartman\/#primaryimage"},"thumbnailUrl":"https:\/\/i0.wp.com\/hotelsistems.ba\/wp-content\/uploads\/2022\/08\/20240402-DSC_3796-Hotel-Sistems-Sistems-edit-1-prirodno.jpg?fit=1920%2C1280&ssl=1","datePublished":"2024-04-12T02:28:52+00:00","dateModified":"2024-09-13T06:54:38+00:00","breadcrumb":{"@id":"https:\/\/hotelsistems.ba\/sobe-i-apartmani\/delux-apartman\/#breadcrumb"},"inLanguage":"en-US","potentialAction":[{"@type":"ReadAction","target":["https:\/\/hotelsistems.ba\/sobe-i-apartmani\/delux-apartman\/"]}]},{"@type":"ImageObject","inLanguage":"en-US","@id":"https:\/\/hotelsistems.ba\/sobe-i-apartmani\/delux-apartman\/#primaryimage","url":"https:\/\/i0.wp.com\/hotelsistems.ba\/wp-content\/uploads\/2022\/08\/20240402-DSC_3796-Hotel-Sistems-Sistems-edit-1-prirodno.jpg?fit=1920%2C1280&ssl=1","contentUrl":"https:\/\/i0.wp.com\/hotelsistems.ba\/wp-content\/uploads\/2022\/08\/20240402-DSC_3796-Hotel-Sistems-Sistems-edit-1-prirodno.jpg?fit=1920%2C1280&ssl=1","width":1920,"height":1280},{"@type":"BreadcrumbList","@id":"https:\/\/hotelsistems.ba\/sobe-i-apartmani\/delux-apartman\/#breadcrumb","itemListElement":[{"@type":"ListItem","position":1,"name":"Home","item":"https:\/\/hotelsistems.ba\/"},{"@type":"ListItem","position":2,"name":"Shop","item":"https:\/\/hotelsistems.ba\/shop\/"},{"@type":"ListItem","position":3,"name":"Delux Apartman"}]},{"@type":"WebSite","@id":"https:\/\/hotelsistems.ba\/#website","url":"https:\/\/hotelsistems.ba\/","name":"Hotel Sistems Banja Luka","description":"","publisher":{"@id":"https:\/\/hotelsistems.ba\/#organization"},"potentialAction":[{"@type":"SearchAction","target":{"@type":"EntryPoint","urlTemplate":"https:\/\/hotelsistems.ba\/?s={search_term_string}"},"query-input":{"@type":"PropertyValueSpecification","valueRequired":true,"valueName":"search_term_string"}}],"inLanguage":"en-US"},{"@type":"Organization","@id":"https:\/\/hotelsistems.ba\/#organization","name":"Hotel Sistems Banja Luka","url":"https:\/\/hotelsistems.ba\/","logo":{"@type":"ImageObject","inLanguage":"en-US","@id":"https:\/\/hotelsistems.ba\/#\/schema\/logo\/image\/","url":"https:\/\/hotelsistems.ba\/wp-content\/uploads\/2024\/04\/logo_color.png","contentUrl":"https:\/\/hotelsistems.ba\/wp-content\/uploads\/2024\/04\/logo_color.png","width":502,"height":202,"caption":"Hotel Sistems Banja Luka"},"image":{"@id":"https:\/\/hotelsistems.ba\/#\/schema\/logo\/image\/"},"sameAs":["https:\/\/www.facebook.com\/profile.php?id=61558037017800","https:\/\/www.instagram.com\/hotelsistems\/?igsh=MWlrZnRzaDhvNDJldA"]}]}},"jetpack_sharing_enabled":true,"_links":{"self":[{"href":"https:\/\/hotelsistems.ba\/en\/wp-json\/wp\/v2\/product\/2711","targetHints":{"allow":["GET"]}}],"collection":[{"href":"https:\/\/hotelsistems.ba\/en\/wp-json\/wp\/v2\/product"}],"about":[{"href":"https:\/\/hotelsistems.ba\/en\/wp-json\/wp\/v2\/types\/product"}],"wp:featuredmedia":[{"embeddable":true,"href":"https:\/\/hotelsistems.ba\/en\/wp-json\/wp\/v2\/media\/3480"}],"wp:attachment":[{"href":"https:\/\/hotelsistems.ba\/en\/wp-json\/wp\/v2\/media?parent=2711"}],"wp:term":[{"taxonomy":"product_brand","embeddable":true,"href":"https:\/\/hotelsistems.ba\/en\/wp-json\/wp\/v2\/product_brand?post=2711"},{"taxonomy":"product_cat","embeddable":true,"href":"https:\/\/hotelsistems.ba\/en\/wp-json\/wp\/v2\/product_cat?post=2711"},{"taxonomy":"product_tag","embeddable":true,"href":"https:\/\/hotelsistems.ba\/en\/wp-json\/wp\/v2\/product_tag?post=2711"}],"curies":[{"name":"wp","href":"https:\/\/api.w.org\/{rel}","templated":true}]}}