{"id":3225,"date":"2024-04-11T09:52:46","date_gmt":"2024-04-11T09:52:46","guid":{"rendered":"https:\/\/hotelsistems.ba\/?page_id=3225"},"modified":"2024-04-18T20:33:50","modified_gmt":"2024-04-18T20:33:50","slug":"sobe-i-apartmani","status":"publish","type":"page","link":"https:\/\/hotelsistems.ba\/en\/sobe-i-apartmani\/","title":{"rendered":"Rooms and Suites"},"content":{"rendered":"<div data-elementor-type=\"wp-page\" data-elementor-id=\"3225\" class=\"elementor elementor-3225\">\n\t\t\t\t\t\t<section class=\"elementor-section elementor-top-section elementor-element elementor-element-ea9da1c elementor-section-boxed elementor-section-height-default elementor-section-height-default\" data-id=\"ea9da1c\" data-element_type=\"section\" data-settings=\"{&quot;background_background&quot;:&quot;classic&quot;}\">\n\t\t\t\t\t\t<div class=\"elementor-container elementor-column-gap-default\">\n\t\t\t\t\t<div class=\"elementor-column elementor-col-100 elementor-top-column elementor-element elementor-element-cc846b0\" data-id=\"cc846b0\" data-element_type=\"column\">\n\t\t\t<div class=\"elementor-widget-wrap elementor-element-populated\">\n\t\t\t\t\t\t<div class=\"elementor-element elementor-element-154f955 elementor-widget elementor-widget-ovabrw_search_ajax\" data-id=\"154f955\" data-element_type=\"widget\" data-widget_type=\"ovabrw_search_ajax.default\">\n\t\t\t\t<div class=\"elementor-widget-container\">\n\t\t\t\t\t\n\n<div class=\"ovabrw-search-ajax\">\n\t<div class=\"wrap-search-ajax wrap-search-ajax-template2\" data-template=\"template2\">\n\t\t\n\t\t<!-- Search -->\n\t\t<div class=\"ovabrw-search\">\n\t<form action=\"https:\/\/hotelsistems.ba\/en\/\" method=\"POST\" class=\"ovabrw-search-form\" data-trp-original-action=\"https:\/\/hotelsistems.ba\/en\">\n\t\t<div class=\"ovabrw-s-field\">\n\t\t\t<div class=\"search-field\">\n\t\t\t\t<div class=\"ovabrw-label\">\n\t\t\t\t\t<i aria-hidden=\"true\" class=\"icomoon icomoon-calendar\"><\/i>\t\t\t\t\t<span class=\"label\">Arrival<\/span>\n\t\t\t\t<\/div>\n\t\t\t\t<div class=\"ovabrw-input\">\n\t\t\t\t\t<input \n\t\t\t\t\t\ttype=\"text\" \n\t\t\t\t\t\tname=\"ovabrw_pickup_date\" \n\t\t\t\t\t\tvalue=\"\"\n\t\t\t\t\t\tclass=\"ovabrw_datetimepicker ovabrw_start_date\" \n\t\t\t\t\t\tplaceholder=\"dd-mm-yyyy\" \n\t\t\t\t\t\tautocomplete=\"off\" \n\t\t\t\t\t\tdata-hour_default=\"07:00\" \n\t\t\t\t\t\tdata-time_step=\"30\" \n\t\t\t\t\t\tdata-dateformat=\"d-m-Y\" \n\t\t\t\t\t\tonkeydown=\"return false\" \n\t\t\t\t\t\tonfocus=\"blur();\" \/>\n\t\t\t\t<\/div>\n\t\t\t<\/div>\n\t\t\t<div class=\"search-field\">\n\t\t\t\t<div class=\"ovabrw-label\">\n\t\t\t\t\t<i aria-hidden=\"true\" class=\"icomoon icomoon-calendar\"><\/i>\t\t\t\t\t<span class=\"label\">Departure<\/span>\n\t\t\t\t<\/div>\n\t\t\t\t<div class=\"ovabrw-input\">\n\t\t\t\t\t<input \n\t\t\t\t\t\ttype=\"text\" \n\t\t\t\t\t\tname=\"ovabrw_pickoff_date\"\n\t\t\t\t\t\tvalue=\"\"\n\t\t\t\t\t\tclass=\"ovabrw_datetimepicker ovabrw_end_date\" \n\t\t\t\t\t\tplaceholder=\"dd-mm-yyyy\" \n\t\t\t\t\t\tautocomplete=\"off\" \n\t\t\t\t\t\tdata-hour_default=\"07:00\" \n\t\t\t\t\t\tdata-time_step=\"30\" \n\t\t\t\t\t\tdata-dateformat=\"d-m-Y\" \n\t\t\t\t\t\tonkeydown=\"return false\" \n\t\t\t\t\t\tonfocus=\"blur();\" \/>\n\t\t\t\t<\/div>\n\t\t\t<\/div>\n\t\t\t<div class=\"search-field guestspicker-control\">\n\t\t\t\t<div class=\"ovabrw-label\">\n\t\t\t\t\t<i aria-hidden=\"true\" class=\"icomoon icomoon-user-group\"><\/i>\t\t\t\t\t<span class=\"label\">Guests<\/span>\n\t\t\t\t<\/div>\n\t\t\t\t<div class=\"ovabrw-guestspicker\">\n\t\t\t\t\t<div class=\"guestspicker\">\n\t\t\t\t\t\t<span class=\"gueststotal\">1<\/span>\n\t\t\t\t\t\t<span class=\"guestslabel\">Persons<\/span>\n\t\t\t\t\t<\/div>\n\t\t\t\t<\/div>\n\t\t\t\t<div class=\"ovabrw-guestspicker-content\">\n\t\t\t\t\t<div class=\"guests-buttons\">\n\t\t\t\t\t\t<div class=\"description\">\n\t\t\t\t\t\t\t<label>Adults<\/label>\n\t\t\t\t\t\t<\/div>\n\t\t\t\t\t\t<div class=\"guests-button\">\n\t\t\t\t\t\t\t<div class=\"guests-icon minus\">\n\t\t\t\t\t\t\t\t<i class=\"ovaicon ovaicon-minus\"><\/i>\n\t\t\t\t\t\t\t<\/div>\n\t\t\t\t\t\t\t<input \n\t\t\t\t\t\t\t\ttype=\"text\" \n\t\t\t\t\t\t\t\tid=\"ovabrw_adults\" \n\t\t\t\t\t\t\t\tname=\"ovabrw_adults\" \n\t\t\t\t\t\t\t\tclass=\"ovabrw_adults\" \n\t\t\t\t\t\t\t\tvalue=\"1\" \n\t\t\t\t\t\t\t\tmin=\"1\" \n\t\t\t\t\t\t\t\tmax=\"4\" \/>\n\t\t\t\t\t\t\t<div class=\"guests-icon plus\">\n\t\t\t\t\t\t\t\t<i class=\"ovaicon ovaicon-plus\"><\/i>\n\t\t\t\t\t\t\t<\/div>\n\t\t\t\t\t\t<\/div>\n\t\t\t\t\t<\/div>\n\t\t\t\t\t<div class=\"guests-buttons\">\n\t\t\t\t\t\t<div class=\"description\">\n\t\t\t\t\t\t\t<label>Childrens<\/label>\n\t\t\t\t\t\t<\/div>\n\t\t\t\t\t\t<div class=\"guests-button\">\n\t\t\t\t\t\t\t<div class=\"guests-icon minus\">\n\t\t\t\t\t\t\t\t<i class=\"ovaicon ovaicon-minus\"><\/i>\n\t\t\t\t\t\t\t<\/div>\n\t\t\t\t\t\t\t<input \n\t\t\t\t\t\t\t\ttype=\"text\" \n\t\t\t\t\t\t\t\tid=\"ovabrw_childrens\" \n\t\t\t\t\t\t\t\tname=\"ovabrw_childrens\" \n\t\t\t\t\t\t\t\tclass=\"ovabrw_childrens\" \n\t\t\t\t\t\t\t\tvalue=\"0\" \n\t\t\t\t\t\t\t\tmin=\"0\" \n\t\t\t\t\t\t\t\tmax=\"4\" \/>\n\t\t\t\t\t\t\t<div class=\"guests-icon plus\">\n\t\t\t\t\t\t\t\t<i class=\"ovaicon ovaicon-plus\"><\/i>\n\t\t\t\t\t\t\t<\/div>\n\t\t\t\t\t\t<\/div>\n\t\t\t\t\t<\/div>\n\t\t\t\t<\/div>\n\t\t\t<\/div>\n\t\t\t\t\t\t\t<div class=\"search-field beds-control\">\n\t\t\t\t\t<div class=\"ovabrw-label\">\n\t\t\t\t\t\t<i aria-hidden=\"true\" class=\"icomoon icomoon-bed\"><\/i>\t\t\t\t\t\t<span class=\"label\">Beds<\/span>\n\t\t\t\t\t<\/div>\n\n\t\t\t\t\t<div class=\"guests-button beds-button\">\n\t\t\t\t\t\t<div class=\"guests-icon minus\">\n\t\t\t\t\t\t\t<i class=\"ovaicon ovaicon-minus\"><\/i>\n\t\t\t\t\t\t<\/div>\n\t\t\t\t\t\t<input \n\t\t\t\t\t\t\ttype=\"text\" \n\t\t\t\t\t\t\tid=\"ovabrw_beds\" \n\t\t\t\t\t\t\tname=\"ovabrw_beds\" \n\t\t\t\t\t\t\tclass=\"ovabrw_beds\" \n\t\t\t\t\t\t\tvalue=\"1\" \n\t\t\t\t\t\t\tmin=\"1\" \n\t\t\t\t\t\t\tmax=\"5\" \/>\n\t\t\t\t\t\t<div class=\"guests-icon plus\">\n\t\t\t\t\t\t\t<i class=\"ovaicon ovaicon-plus\"><\/i>\n\t\t\t\t\t\t<\/div>\n\t\t\t\t\t<\/div>\n\t\t\t\t<\/div>\n\t\t\t\t\t\t\t\t<\/div>\n\t\t<div class=\"ovabrw-search-btn\">\n\t\t\t\t\t\t<button class=\"ovabrw-btn\" type=\"submit\">\n\t\t\t\t<i aria-hidden=\"true\" class=\"ovaicon ovaicon-search\"><\/i>Search\t\t\t<\/button>\n\t\t<\/div>\n\t<input type=\"hidden\" name=\"trp-form-language\" value=\"en\"\/><\/form>\n<\/div>\n\t\t<!-- Load more -->\n\t\t<div class=\"wrap-load-more\" style=\"display: none;\">\n\t\t\t<svg class=\"loader\" width=\"50\" height=\"50\">\n\t\t\t\t<circle cx=\"25\" cy=\"25\" r=\"10\" \/>\n\t\t\t\t<circle cx=\"25\" cy=\"25\" r=\"20\" \/>\n\t\t\t<\/svg>\n\t\t<\/div>\n\n\t\t<!-- Search result -->\n\t\t<div \n\t\t\tid=\"search-ajax-result\" \n\t\t\tclass=\"search-ajax-result\" \n\t\t\tdata-order=\"DESC\" \n\t\t\tdata-orderby=\"date\" \n\t\t\tdata-posts-per-page=\"5\">\n\t\t<\/div>\n\n\t\t<!-- Video -->\n\t\t<div class=\"modal-container\">\n\t\t\t<div class=\"modal\">\n\t\t\t\t<div class=\"modal-close\">\n\t\t\t\t\t<i class=\"ovaicon-cancel\"><\/i>\n\t\t\t\t<\/div>\n\t\t\t\t<iframe class=\"modal-video\" allow=\"autoplay\"><\/iframe>\n\t\t\t<\/div>\n\t\t<\/div>\n\n<\/div>\t\t\t\t<\/div>\n\t\t\t\t<\/div>\n\t\t\t\t\t<\/div>\n\t\t<\/div>\n\t\t\t\t\t<\/div>\n\t\t<\/section>\n\t\t\t\t<\/div>","protected":false},"excerpt":{"rendered":"<p>Dolazak Odlazak Gostiju 1 Persons Adults Childrens Kreveta Prona\u0111i<\/p>","protected":false},"author":1,"featured_media":3454,"parent":0,"menu_order":0,"comment_status":"closed","ping_status":"closed","template":"elementor_header_footer","meta":{"inline_featured_image":false,"footnotes":""},"class_list":["post-3225","page","type-page","status-publish","has-post-thumbnail","hentry"],"yoast_head":"<!-- This site is optimized with the Yoast SEO plugin v25.9 - https:\/\/yoast.com\/wordpress\/plugins\/seo\/ -->\n<title>Sobe i apartmani - Hotel Sistems Banja Luka<\/title>\n<meta name=\"description\" content=\"Na\u0161a ponuda smje\u0161taja predstavlja spoj elegancije i udobnosti. Od luksuznih jednokrevetnih i dvokrevetnih soba do prostranih apartmana, svaki detalj je pa\u017eljivo osmi\u0161ljen kako bi va\u0161 boravak bio nezaboravan.\" \/>\n<meta name=\"robots\" content=\"index, follow, max-snippet:-1, max-image-preview:large, max-video-preview:-1\" \/>\n<link rel=\"canonical\" href=\"https:\/\/hotelsistems.ba\/en\/sobe-i-apartmani\/\" \/>\n<meta property=\"og:locale\" content=\"en_US\" \/>\n<meta property=\"og:type\" content=\"article\" \/>\n<meta property=\"og:title\" content=\"Sobe i apartmani - Hotel Sistems Banja Luka\" \/>\n<meta property=\"og:description\" content=\"Na\u0161a ponuda smje\u0161taja predstavlja spoj elegancije i udobnosti. Od luksuznih jednokrevetnih i dvokrevetnih soba do prostranih apartmana, svaki detalj je pa\u017eljivo osmi\u0161ljen kako bi va\u0161 boravak bio nezaboravan.\" \/>\n<meta property=\"og:url\" content=\"https:\/\/hotelsistems.ba\/en\/sobe-i-apartmani\/\" \/>\n<meta property=\"og:site_name\" content=\"Hotel Sistems Banja Luka\" \/>\n<meta property=\"article:publisher\" content=\"https:\/\/www.facebook.com\/profile.php?id=61558037017800\" \/>\n<meta property=\"article:modified_time\" content=\"2024-04-18T20:33:50+00:00\" \/>\n<meta property=\"og:image\" content=\"https:\/\/hotelsistems.ba\/wp-content\/uploads\/2024\/04\/soba_hotelsistems_banjaluka.jpg\" \/>\n\t<meta property=\"og:image:width\" content=\"1920\" \/>\n\t<meta property=\"og:image:height\" content=\"1079\" \/>\n\t<meta property=\"og:image:type\" content=\"image\/jpeg\" \/>\n<meta name=\"twitter:card\" content=\"summary_large_image\" \/>\n<meta name=\"twitter:label1\" content=\"Est. reading time\" \/>\n\t<meta name=\"twitter:data1\" content=\"1 minute\" \/>\n<script type=\"application\/ld+json\" class=\"yoast-schema-graph\">{\"@context\":\"https:\/\/schema.org\",\"@graph\":[{\"@type\":\"WebPage\",\"@id\":\"https:\/\/hotelsistems.ba\/sobe-i-apartmani\/\",\"url\":\"https:\/\/hotelsistems.ba\/sobe-i-apartmani\/\",\"name\":\"Sobe i apartmani - Hotel Sistems Banja Luka\",\"isPartOf\":{\"@id\":\"https:\/\/hotelsistems.ba\/#website\"},\"primaryImageOfPage\":{\"@id\":\"https:\/\/hotelsistems.ba\/sobe-i-apartmani\/#primaryimage\"},\"image\":{\"@id\":\"https:\/\/hotelsistems.ba\/sobe-i-apartmani\/#primaryimage\"},\"thumbnailUrl\":\"https:\/\/i0.wp.com\/hotelsistems.ba\/wp-content\/uploads\/2024\/04\/soba_hotelsistems_banjaluka.jpg?fit=1920%2C1079&ssl=1\",\"datePublished\":\"2024-04-11T09:52:46+00:00\",\"dateModified\":\"2024-04-18T20:33:50+00:00\",\"description\":\"Na\u0161a ponuda smje\u0161taja predstavlja spoj elegancije i udobnosti. Od luksuznih jednokrevetnih i dvokrevetnih soba do prostranih apartmana, svaki detalj je pa\u017eljivo osmi\u0161ljen kako bi va\u0161 boravak bio nezaboravan.\",\"breadcrumb\":{\"@id\":\"https:\/\/hotelsistems.ba\/sobe-i-apartmani\/#breadcrumb\"},\"inLanguage\":\"en-US\",\"potentialAction\":[{\"@type\":\"ReadAction\",\"target\":[\"https:\/\/hotelsistems.ba\/sobe-i-apartmani\/\"]}]},{\"@type\":\"ImageObject\",\"inLanguage\":\"en-US\",\"@id\":\"https:\/\/hotelsistems.ba\/sobe-i-apartmani\/#primaryimage\",\"url\":\"https:\/\/i0.wp.com\/hotelsistems.ba\/wp-content\/uploads\/2024\/04\/soba_hotelsistems_banjaluka.jpg?fit=1920%2C1079&ssl=1\",\"contentUrl\":\"https:\/\/i0.wp.com\/hotelsistems.ba\/wp-content\/uploads\/2024\/04\/soba_hotelsistems_banjaluka.jpg?fit=1920%2C1079&ssl=1\",\"width\":1920,\"height\":1079},{\"@type\":\"BreadcrumbList\",\"@id\":\"https:\/\/hotelsistems.ba\/sobe-i-apartmani\/#breadcrumb\",\"itemListElement\":[{\"@type\":\"ListItem\",\"position\":1,\"name\":\"Home\",\"item\":\"https:\/\/hotelsistems.ba\/\"},{\"@type\":\"ListItem\",\"position\":2,\"name\":\"Sobe i apartmani\"}]},{\"@type\":\"WebSite\",\"@id\":\"https:\/\/hotelsistems.ba\/#website\",\"url\":\"https:\/\/hotelsistems.ba\/\",\"name\":\"Hotel Sistems Banja Luka\",\"description\":\"\",\"publisher\":{\"@id\":\"https:\/\/hotelsistems.ba\/#organization\"},\"potentialAction\":[{\"@type\":\"SearchAction\",\"target\":{\"@type\":\"EntryPoint\",\"urlTemplate\":\"https:\/\/hotelsistems.ba\/?s={search_term_string}\"},\"query-input\":{\"@type\":\"PropertyValueSpecification\",\"valueRequired\":true,\"valueName\":\"search_term_string\"}}],\"inLanguage\":\"en-US\"},{\"@type\":\"Organization\",\"@id\":\"https:\/\/hotelsistems.ba\/#organization\",\"name\":\"Hotel Sistems Banja Luka\",\"url\":\"https:\/\/hotelsistems.ba\/\",\"logo\":{\"@type\":\"ImageObject\",\"inLanguage\":\"en-US\",\"@id\":\"https:\/\/hotelsistems.ba\/#\/schema\/logo\/image\/\",\"url\":\"https:\/\/hotelsistems.ba\/wp-content\/uploads\/2024\/04\/logo_color.png\",\"contentUrl\":\"https:\/\/hotelsistems.ba\/wp-content\/uploads\/2024\/04\/logo_color.png\",\"width\":502,\"height\":202,\"caption\":\"Hotel Sistems Banja Luka\"},\"image\":{\"@id\":\"https:\/\/hotelsistems.ba\/#\/schema\/logo\/image\/\"},\"sameAs\":[\"https:\/\/www.facebook.com\/profile.php?id=61558037017800\",\"https:\/\/www.instagram.com\/hotelsistems\/?igsh=MWlrZnRzaDhvNDJldA\"]}]}<\/script>\n<!-- \/ Yoast SEO plugin. -->","yoast_head_json":{"title":"Sobe i apartmani - Hotel Sistems Banja Luka","description":"Our accommodation offer combines elegance and comfort. From luxurious single and double rooms to spacious apartments, each detail is carefully designed to make your stay unforgettable.","robots":{"index":"index","follow":"follow","max-snippet":"max-snippet:-1","max-image-preview":"max-image-preview:large","max-video-preview":"max-video-preview:-1"},"canonical":"https:\/\/hotelsistems.ba\/en\/sobe-i-apartmani\/","og_locale":"en_US","og_type":"article","og_title":"Sobe i apartmani - Hotel Sistems Banja Luka","og_description":"Na\u0161a ponuda smje\u0161taja predstavlja spoj elegancije i udobnosti. Od luksuznih jednokrevetnih i dvokrevetnih soba do prostranih apartmana, svaki detalj je pa\u017eljivo osmi\u0161ljen kako bi va\u0161 boravak bio nezaboravan.","og_url":"https:\/\/hotelsistems.ba\/en\/sobe-i-apartmani\/","og_site_name":"Hotel Sistems Banja Luka","article_publisher":"https:\/\/www.facebook.com\/profile.php?id=61558037017800","article_modified_time":"2024-04-18T20:33:50+00:00","og_image":[{"width":1920,"height":1079,"url":"https:\/\/hotelsistems.ba\/wp-content\/uploads\/2024\/04\/soba_hotelsistems_banjaluka.jpg","type":"image\/jpeg"}],"twitter_card":"summary_large_image","twitter_misc":{"Est. reading time":"1 minute"},"schema":{"@context":"https:\/\/schema.org","@graph":[{"@type":"WebPage","@id":"https:\/\/hotelsistems.ba\/sobe-i-apartmani\/","url":"https:\/\/hotelsistems.ba\/sobe-i-apartmani\/","name":"Sobe i apartmani - Hotel Sistems Banja Luka","isPartOf":{"@id":"https:\/\/hotelsistems.ba\/#website"},"primaryImageOfPage":{"@id":"https:\/\/hotelsistems.ba\/sobe-i-apartmani\/#primaryimage"},"image":{"@id":"https:\/\/hotelsistems.ba\/sobe-i-apartmani\/#primaryimage"},"thumbnailUrl":"https:\/\/i0.wp.com\/hotelsistems.ba\/wp-content\/uploads\/2024\/04\/soba_hotelsistems_banjaluka.jpg?fit=1920%2C1079&ssl=1","datePublished":"2024-04-11T09:52:46+00:00","dateModified":"2024-04-18T20:33:50+00:00","description":"Our accommodation offer combines elegance and comfort. From luxurious single and double rooms to spacious apartments, each detail is carefully designed to make your stay unforgettable.","breadcrumb":{"@id":"https:\/\/hotelsistems.ba\/sobe-i-apartmani\/#breadcrumb"},"inLanguage":"en-US","potentialAction":[{"@type":"ReadAction","target":["https:\/\/hotelsistems.ba\/sobe-i-apartmani\/"]}]},{"@type":"ImageObject","inLanguage":"en-US","@id":"https:\/\/hotelsistems.ba\/sobe-i-apartmani\/#primaryimage","url":"https:\/\/i0.wp.com\/hotelsistems.ba\/wp-content\/uploads\/2024\/04\/soba_hotelsistems_banjaluka.jpg?fit=1920%2C1079&ssl=1","contentUrl":"https:\/\/i0.wp.com\/hotelsistems.ba\/wp-content\/uploads\/2024\/04\/soba_hotelsistems_banjaluka.jpg?fit=1920%2C1079&ssl=1","width":1920,"height":1079},{"@type":"BreadcrumbList","@id":"https:\/\/hotelsistems.ba\/sobe-i-apartmani\/#breadcrumb","itemListElement":[{"@type":"ListItem","position":1,"name":"Home","item":"https:\/\/hotelsistems.ba\/"},{"@type":"ListItem","position":2,"name":"Sobe i apartmani"}]},{"@type":"WebSite","@id":"https:\/\/hotelsistems.ba\/#website","url":"https:\/\/hotelsistems.ba\/","name":"Hotel Sistems Banja Luka","description":"","publisher":{"@id":"https:\/\/hotelsistems.ba\/#organization"},"potentialAction":[{"@type":"SearchAction","target":{"@type":"EntryPoint","urlTemplate":"https:\/\/hotelsistems.ba\/?s={search_term_string}"},"query-input":{"@type":"PropertyValueSpecification","valueRequired":true,"valueName":"search_term_string"}}],"inLanguage":"en-US"},{"@type":"Organization","@id":"https:\/\/hotelsistems.ba\/#organization","name":"Hotel Sistems Banja Luka","url":"https:\/\/hotelsistems.ba\/","logo":{"@type":"ImageObject","inLanguage":"en-US","@id":"https:\/\/hotelsistems.ba\/#\/schema\/logo\/image\/","url":"https:\/\/hotelsistems.ba\/wp-content\/uploads\/2024\/04\/logo_color.png","contentUrl":"https:\/\/hotelsistems.ba\/wp-content\/uploads\/2024\/04\/logo_color.png","width":502,"height":202,"caption":"Hotel Sistems Banja Luka"},"image":{"@id":"https:\/\/hotelsistems.ba\/#\/schema\/logo\/image\/"},"sameAs":["https:\/\/www.facebook.com\/profile.php?id=61558037017800","https:\/\/www.instagram.com\/hotelsistems\/?igsh=MWlrZnRzaDhvNDJldA"]}]}},"jetpack_sharing_enabled":true,"_links":{"self":[{"href":"https:\/\/hotelsistems.ba\/en\/wp-json\/wp\/v2\/pages\/3225","targetHints":{"allow":["GET"]}}],"collection":[{"href":"https:\/\/hotelsistems.ba\/en\/wp-json\/wp\/v2\/pages"}],"about":[{"href":"https:\/\/hotelsistems.ba\/en\/wp-json\/wp\/v2\/types\/page"}],"author":[{"embeddable":true,"href":"https:\/\/hotelsistems.ba\/en\/wp-json\/wp\/v2\/users\/1"}],"replies":[{"embeddable":true,"href":"https:\/\/hotelsistems.ba\/en\/wp-json\/wp\/v2\/comments?post=3225"}],"version-history":[{"count":15,"href":"https:\/\/hotelsistems.ba\/en\/wp-json\/wp\/v2\/pages\/3225\/revisions"}],"predecessor-version":[{"id":3881,"href":"https:\/\/hotelsistems.ba\/en\/wp-json\/wp\/v2\/pages\/3225\/revisions\/3881"}],"wp:featuredmedia":[{"embeddable":true,"href":"https:\/\/hotelsistems.ba\/en\/wp-json\/wp\/v2\/media\/3454"}],"wp:attachment":[{"href":"https:\/\/hotelsistems.ba\/en\/wp-json\/wp\/v2\/media?parent=3225"}],"curies":[{"name":"wp","href":"https:\/\/api.w.org\/{rel}","templated":true}]}}